{"id":2,"date":"2010-07-03T12:42:22","date_gmt":"2010-07-03T11:42:22","guid":{"rendered":"https:\/\/www.chevyvan.ch\/nordkap\/?page_id=2"},"modified":"2014-04-29T07:10:22","modified_gmt":"2014-04-29T06:10:22","slug":"idee","status":"publish","type":"page","link":"https:\/\/chevyvan.ch\/nordkap\/idee\/","title":{"rendered":"Idee"},"content":{"rendered":"<p>Mario hat sich mit dem Kauf eines Chevy Van G30 im Fr\u00fchling 2004 einen Bubentraum erf\u00fcllt. Die ganze Geschichte dazu gibt es auf <a title=\"Chevy Van G30\" href=\"http:\/\/www.chevyvan.ch\" target=\"_blank\">www.chevyvan.ch<\/a>. Zuerst war er nicht gl\u00fccklich \u00fcber das hohe Alter seines neuen Sackgeldverdunsters (1973). Inzwischen ist er jedoch froh, nicht mit einem &#8222;Einheitsbrei&#8220; herumkurven zu m\u00fcssen.<\/p>\n<p>Die Idee nach einer Reise zum Nordkap war schon sehr fr\u00fch da. Seit wann genau ist nicht mehr so ganz nachvollziehbar, Mario m\u00f6chte jedoch betonen, dass er <strong>nicht <\/strong>von <a title=\"Mona Vetsch per Anhalter zum Nordkap\" href=\"http:\/\/videoportal.sf.tv\/video?id=6943da88-a3d0-4170-b411-0519f367959c\" target=\"_blank\">Mona Vetsch<\/a> inspiriert worden war \ud83d\ude09<\/p>\n<p>Seine Frau Silvia war als Kind bereits einmal mit ihrer Schwester und den Eltern mit einem Wohnmobil in Skandinavien unterwegs. Bis ans Nordkap hat es damals jedoch nicht gereicht. Das gemeinsame Ziel (siehe Leitspruch oben rechts) war also schon mal klar.<\/p>\n<p>Zuerst wollte Mario noch im 2009 mit dem Van von <strong>Cornwall nach Schottland<\/strong> hochfahren. So quasi als kleine \u00dcbung. Wegen zur\u00fcckliegendem Zeitplan des Innenausbaus und zum der Realit\u00e4t ins Auge zu sehen reduzierten wir unsere Pl\u00e4ne auf eine Rundreise mit einem Mietauto (Opel\/Vauxhall Meriva *h\u00fcstel*)\u00a0 in Schottland. War super,\u00a0 keine Frage! Schottland ist wundersch\u00f6n und <a title=\"Haggis\" href=\"http:\/\/de.wikipedia.org\/wiki\/Haggis\" target=\"_blank\">Haggis<\/a> zum &#8222;Zmorge&#8220; f\u00fcr uns kein Problem.<\/p>\n<p>Aber der Van war nicht dabei! Und dieses Jahr entspricht auch der theoretische Zeitplan der praktischen Umsetzung!<\/p>\n<p><a title=\"Geplante Route\" href=\"https:\/\/chevyvan.ch\/nordkap\/route\/\" target=\"_self\">Hier geht es weiter zur geplanten Route.<\/a><\/p>\n","protected":false},"excerpt":{"rendered":"<p>Mario hat sich mit dem Kauf eines Chevy Van G30 im Fr\u00fchling 2004 einen Bubentraum erf\u00fcllt. Die ganze Geschichte dazu gibt es auf www.chevyvan.ch. Zuerst war er nicht gl\u00fccklich \u00fcber das hohe Alter seines neuen Sackgeldverdunsters (1973). Inzwischen ist er &hellip; <a href=\"https:\/\/chevyvan.ch\/nordkap\/idee\/\">Weiterlesen <span class=\"meta-nav\">&rarr;<\/span><\/a><\/p>\n","protected":false},"author":1,"featured_media":0,"parent":0,"menu_order":0,"comment_status":"closed","ping_status":"closed","template":"","meta":{"footnotes":""},"class_list":["post-2","page","type-page","status-publish","hentry"],"jetpack_sharing_enabled":true,"_links":{"self":[{"href":"https:\/\/chevyvan.ch\/nordkap\/wp-json\/wp\/v2\/pages\/2","targetHints":{"allow":["GET"]}}],"collection":[{"href":"https:\/\/chevyvan.ch\/nordkap\/wp-json\/wp\/v2\/pages"}],"about":[{"href":"https:\/\/chevyvan.ch\/nordkap\/wp-json\/wp\/v2\/types\/page"}],"author":[{"embeddable":true,"href":"https:\/\/chevyvan.ch\/nordkap\/wp-json\/wp\/v2\/users\/1"}],"replies":[{"embeddable":true,"href":"https:\/\/chevyvan.ch\/nordkap\/wp-json\/wp\/v2\/comments?post=2"}],"version-history":[{"count":9,"href":"https:\/\/chevyvan.ch\/nordkap\/wp-json\/wp\/v2\/pages\/2\/revisions"}],"predecessor-version":[{"id":544,"href":"https:\/\/chevyvan.ch\/nordkap\/wp-json\/wp\/v2\/pages\/2\/revisions\/544"}],"wp:attachment":[{"href":"https:\/\/chevyvan.ch\/nordkap\/wp-json\/wp\/v2\/media?parent=2"}],"curies":[{"name":"wp","href":"https:\/\/api.w.org\/{rel}","templated":true}]}}